{"id":3,"date":"2023-09-20T10:44:39","date_gmt":"2023-09-20T08:44:39","guid":{"rendered":"https:\/\/www.verstopft24.at\/?page_id=3"},"modified":"2023-10-26T12:51:20","modified_gmt":"2023-10-26T10:51:20","slug":"datenschutzerklarung","status":"publish","type":"page","link":"https:\/\/www.verstopft24.at\/en\/datenschutzerklarung\/","title":{"rendered":"Data protection"},"content":{"rendered":"<div data-elementor-type=\"wp-page\" data-elementor-id=\"3\" class=\"elementor elementor-3\">\n\t\t\t\t\t\t\t<div class=\"elementor-element elementor-element-39a81c99 e-flex e-con-boxed e-con e-parent\" data-id=\"39a81c99\" data-element_type=\"container\" data-settings=\"{&quot;content_width&quot;:&quot;boxed&quot;}\" data-core-v316-plus=\"true\">\n\t\t\t\t\t<div class=\"e-con-inner\">\n\t\t\t\t<div class=\"elementor-element elementor-element-1f305aab elementor-widget elementor-widget-text-editor\" data-id=\"1f305aab\" data-element_type=\"widget\" data-widget_type=\"text-editor.default\">\n\t\t\t\t<div class=\"elementor-widget-container\">\n\t\t\t<style>\/*! elementor - v3.16.0 - 14-09-2023 *\/\n.elementor-widget-text-editor.elementor-drop-cap-view-stacked .elementor-drop-cap{background-color:#69727d;color:#fff}.elementor-widget-text-editor.elementor-drop-cap-view-framed .elementor-drop-cap{color:#69727d;border:3px solid;background-color:transparent}.elementor-widget-text-editor:not(.elementor-drop-cap-view-default) .elementor-drop-cap{margin-top:8px}.elementor-widget-text-editor:not(.elementor-drop-cap-view-default) .elementor-drop-cap-letter{width:1em;height:1em}.elementor-widget-text-editor .elementor-drop-cap{float:left;text-align:center;line-height:1;font-size:50px}.elementor-widget-text-editor .elementor-drop-cap-letter{display:inline-block}<\/style>\t\t\t\t<p>Der Schutz Ihrer Daten hat f\u00fcr uns h\u00f6chste Priorit\u00e4t. Wir m\u00f6chten Sie daher im Zusammenhang mit der Verarbeitung Ihrer personenbezogenen Daten auf www.verstopft24.at und durch unsere sonstigen Produkte und Dienstleistungen \u00fcber Folgendes informieren:<\/p>\n<p><strong>1 ALLGEMEINES<\/strong><\/p>\n<ol>\n<li>Verantwortlicher der Datenverarbeitung ist die FHG Reinigung GmbH (\u201eWir\u201c), eingetragen zu FN 600539x beim Handelsgericht Die FHG Reinigung GmbH bietet Dienstleistungen eines Netzingenieurs, Kanalreinigung, Kamerabefahrung und Inspektion (\u201eunsere Dienstleistungen\u201c). Hinsichtlich Datensicherheit ergreifen wir die entsprechenden technischen und organisatorischen Ma\u00dfnahmen, damit Ihre Daten bei uns sicher sind.<\/li>\n<li>Wir verarbeiten Ihre personenbezogenen Daten entsprechend den aktuellen Bestim- mungen der Verordnung (EU) 2016\/679 (\u201eDSGVO\u201c) sowie des \u00f6sterreichischen Die nachfolgende Datenschutzerkl\u00e4rung informiert Sie dar\u00fcber, wie, in welchem Umfang, zu welchem Zweck Ihre Daten verarbeitet werden. Ebenso informieren wir Sie hier \u00fcber die Art und Dauer ihrer Speicherung und \u00fcber Ihre Rechte in Bezug auf Ihre personenbezogenen Daten. Personenbezogene Daten sind jene Daten respektive Informationen, die sich auf eine identifizierte oder identifizierbare nat\u00fcrliche Person beziehen. Wir verarbeiten Ihre Daten nach den Grunds\u00e4tzen der Rechtm\u00e4\u00dfigkeit, Treu und Glauben, Transparenz, Richtigkeit, Zweckbindung, Datenminimierung, Speicherdauer- begrenzung, Integrit\u00e4t und Vertraulichkeit.<\/li>\n<li>Lesen Sie diese Datenschutzerkl\u00e4rung bitte aufmerksam F\u00fcr Fragen oder weiter- f\u00fchrende Informationen k\u00f6nnen Sie uns jederzeit kontaktieren. Unsere Kontaktdaten finden Sie unter Punkt 6.<\/li>\n<li>Diese Datenschutzerkl\u00e4rung bezieht sich nur auf unsere Dienstleistungen sowie auf unsere Website <a href=\"https:\/\/www.verstopft24.at\/en\/\">verstopft24.at <\/a>(im Folgenden die \u201eWebsite\u201c). F\u00fcr den Fall, dass Sie \u00fcber Links auf unserer Website auf andere Seiten weitergeleitet werden, ersuchen wir Sie darum, sich dort \u00fcber den jeweiligen Umgang mit Ihren Daten zu informieren.<\/li>\n<li>Daten k\u00f6nnen uns von Ihnen \u00fcber mehrere Wege zur Verf\u00fcgung gestellt werden, darunter insbesondere durch den Besuch unserer Website, das Ausf\u00fcllen von Kontaktformularen im Wege von Vertragsverhandlungen oder \u2013 mit Ihrem Einverst\u00e4ndnis \u2013 durch Weitergabe an uns durch unsere<\/li>\n<li>Wir verarbeiten Ihre personenbezogenen Daten, die unter anderem in folgende Datenkategorien fallen k\u00f6nnen:\n<ul>\n<li>Name\/Firma<\/li>\n<li>Firmenbuchnummer<\/li>\n<li>Ansprechperson<\/li>\n<li>Gesch\u00e4ftsanschrift und sonstige Adressdaten<\/li>\n<li>Kontaktdaten (Telefonnummer, Telefaxnummer, E-Mail-Adresse, )<\/li>\n<li>Bankverbindungen, Kreditkartendaten<\/li>\n<li>Bestelldaten und Vertragsdaten<\/li>\n<li>UID-Nummer<\/li>\n<li>Kundenserviceanfragen<\/li>\n<\/ul>\n<\/li>\n<\/ol>\n<p>Je nach Anwendungsfall (Website, Vertragsabschluss) kann es zu unterschiedlichem Ausma\u00df der Datenverarbeitung kommen.<\/p>\n<p>\u00a0<\/p>\n<p><strong>2 ZWECK DER DATENVERARBEITUNG<\/strong><\/p>\n<ol>\n<li>Wir verarbeiten die von Ihnen freiwillig zur Verf\u00fcgung gestellten personenbezogenen Daten aufgrund der \u00a0Rechtsgrundlagen \u00a0der\u00a0 \u00a0Art 6 Abs 1 lit a DSGVO\u00a0 \u00a0(Einwilligung)\u00a0 \u00a0sowie Art 6 Abs 1 lit b DSGVO (Vertragserf\u00fcllung) und zu folgenden Zwecken:\n<ul>\n<li>Planung, Vorbereitung und Durchf\u00fchrung unserer Dienstleistungen, zur Information \u00fcber unser Dienstleistungsangebot sowie die Bearbeitung von Reklamationen<\/li>\n<li>Zur Erstellung von Rechnungen f\u00fcr unsere erbrachten Dienstleistungen sowie der \u00dcberpr\u00fcfung des Zahlungsstatus<\/li>\n<li>Zur Kontaktaufnahme und projekt- oder werbungsbezogenen Kommunikation mit Ihnen<\/li>\n<li>Zur Erf\u00fcllung steuerlicher und rechtlicher Verpflichtungen oder zu buchhalterischen Zwecken oder Zwecken der Forderungsbetreibung, oder zur Erledigung \u00a0beh\u00f6rdlicher\u00a0\u00a0 \u00a0Auftr\u00e4ge,\u00a0\u00a0 \u00a0dies\u00a0\u00a0\u00a0 \u00a0alles\u00a0\u00a0\u00a0 \u00a0au\u00dferdem\u00a0\u00a0\u00a0 \u00a0gem\u00e4\u00df Art 6 Abs 1 lit c DSGVO (rechtliche Verpflichtung) Art 6 Abs 1 lit f DSGVO (die Verarbeitung ist zur Wahrung unserer berechtigter Interessen erforderlich)<\/li>\n<li>Wenn die Datenverarbeitung sonst f\u00fcr die Zwecke unserer berechtigten Interessen oder eines Dritten erforderlich ist<\/li>\n<\/ul>\n<\/li>\n<\/ol>\n<p>\u00a0<\/p>\n<p><strong>3 DATENSPEICHERUNG UND DATENSICHERHEIT<\/strong><\/p>\n<ol>\n<li>Wir die unter Punkt 6 aufgez\u00e4hlten Daten f\u00fcr die Vertragsabwicklung, darunter speziell Name, Adresse, etwaige akademische Titel, Telefonnummer und E-Mailadresse.<br \/><br \/>Die von Ihnen bereit gestellten Daten sind zur Vertragserf\u00fcllung bzw. zur Durchf\u00fchrung vorvertraglicher Ma\u00dfnahmen erforderlich, da\u00a0 wir ohne sie\u00a0 keinen Vertrag mit\u00a0 Ihnen abschlie\u00dfen k\u00f6nnen. Eine Daten\u00fcbermittlung an Dritte erfolgt nicht, mit Ausnahme der \u00dcbermittlung f\u00fcr rechtliche oder beh\u00f6rdliche Verpflichtungen, wie zum Beispiel an unseren Steuerberater zur Erf\u00fcllung unserer steuerrechtlichen Verpflichtungen.<br \/><br \/><\/li>\n<li>Im Falle eines Vertragsabschlusses werden s\u00e4mtliche Daten aus dem Vertragsverh\u00e4ltnis bis zum Ablauf der steuerrechtlichen Aufbewahrungsfrist (7 Jahre) Die Daten Name und Anschrift aber bleiben bei uns gespeichert, bis sie nicht mehr f\u00fcr die Vertragserf\u00fcllung oder Vorbereitung eines neuen oder zuk\u00fcnftigen Vertrags verwendet werden. Die Datenverarbeitung erfolgt auf Basis der gesetzlichen Bestimmungen des<\/li>\n<li>96 Abs 3 TKG sowie des Art 6 Abs 1 lit a (Einwilligung) und\/oder lit b (notwendig zur Vertragserf\u00fcllung) der DSGVO. Nach Ablauf der Frist werden Ihre Daten entweder anonymisiert oder gel\u00f6scht.<\/li>\n<li>Wenn Sie den Kontakt mit uns per Formular auf unserer Website oder per E-Mail aufnehmen, werden Ihre dabei angegebenen Daten (Name, Kontaktdaten, pers\u00f6nlicher Text ) zwecks Bearbeitung der Anfrage und f\u00fcr den Fall von Anschlussfragen bei uns gespeichert. Ihre Daten werden wir nicht ohne Ihre Einwilligung an Dritte weitergeben.<\/li>\n<li>F\u00fcr andere Zwecke (Werbung, Forderungsbetreibung, Vertragserf\u00fcllung nach Beendigung Ihres Vertrags, anderweitiger Kontakt) werden Ihre Daten f\u00fcr einen Zeitraum von drei Jahren bei uns gespeichert oder zumindest so lange, wie es f\u00fcr die Erreichung unserer Zwecke oder zur Erf\u00fcllung unserer gesetzlichen Verpflichtungen notwendig<\/li>\n<li>Wir haben erforderliche technische und organisatorische Ma\u00dfnahmen getroffen, um die Sicherheit der Datenverarbeitung zu gew\u00e4hrleisten und die personenbezogenen Daten so zu verarbeiten, dass sie vor Zugriffen durch unbefugte Dritte gesch\u00fctzt Die IT-<br \/><br \/>Infrastruktur von uns entspricht den g\u00e4ngigen Sicherheitsanforderungen und wird regelm\u00e4\u00dfig \u00fcberpr\u00fcft.<\/li>\n<\/ol>\n<p>\u00a0<\/p>\n<p><strong>4 COOKIES<\/strong><\/p>\n<ol>\n<li>Wir verwenden sogenannte Cookies zur Optimierung unserer Es handelt sich dabei um kleine Textdateien, die auf Ihrem Endger\u00e4t gespeichert werden. Cookies sind unsch\u00e4dlich. Manche von ihnen werden nach dem Schlie\u00dfen des Browsers wieder gel\u00f6scht, w\u00e4hrend andere auf Ihrem Endger\u00e4t gespeichert bleiben, bis Sie sich dazu entschlie\u00dfen, diese zu l\u00f6schen. Diese erm\u00f6glichen es uns, Ihren Browser beim n\u00e4chsten Besuch wiederzuerkennen. Ebenso speichern sie Einstellungen, die bei Ihrem erneuten Besuch unserer Website f\u00fcr eine vollst\u00e4ndige Funktion der Seite erforderlich sein k\u00f6nnen.<\/li>\n<li>Zu diesem Zweck wird beim Erstbesuch unserer Website Ihre Erlaubnis hierzu eingeholt, wor\u00fcber folglich bei Ihrer Zustimmung ein solches Cookie in Ihrem Browser abgelegt<\/li>\n<li>Sie k\u00f6nnen das Speichern von Cookies blockieren, indem Sie in Ihren Browser-Settings die Einstellung \u201eCookies blockieren\u201c Wir informieren Sie dar\u00fcber, dass die Deaktivierung von Cookies eine Einschr\u00e4nkung der Funktionalit\u00e4t unserer Website haben kann.<\/li>\n<li>Sie k\u00f6nnen au\u00dferdem die Erfassung der durch Cookies erzeugten und auf Ihre Nutzung der Website bezogenen Daten (inkl. Ihrer IP-Adresse) an Google sowie deren Verarbeitung durch Google Installieren Sie dazu das folgende Plugin in Ihrem Browser: <a href=\"http:\/\/tools.google.com\/dlpage\/gaoptout?hl=de\">http:\/\/tools.google.com\/dlpage\/gaoptout?hl=de <\/a>Diese Webseite benutzt Google Analytics mit der Erweiterung \u201canonymizeIP ()\u201d. Damit werden IP-Adressen nur gek\u00fcrzt weiterverarbeitet werden. Somit wird eine direkte Personenbeziehbarkeit ausgeschlossen.<br \/><br \/><\/li>\n<\/ol>\n<p><strong>5 IHRE RECHTE<\/strong><\/p>\n<p>Im Zusammenhang mit der Verarbeitung Ihrer Daten stehen Ihnen folgende Rechte zu:<\/p>\n<ol>\n<li>Information (Art 12 bis 14 DSGVO) und Auskunft (Art 15 DSGVO)<br \/>Sie haben das Recht, bei uns Informationen \u00fcber die Verarbeitung Ihrer Daten zu erhalten. Insbesondere haben Sie das Recht auf Auskunft zu den personenbezogenen Informationen, die wir von Ihnen verarbeiten.<\/li>\n<li>Berichtigung (Art 16 DSGVO), L\u00f6schung \/ Vergessenwerden (Art 17 DSGVO) und Einschr\u00e4nkung (Art 18 DSGVO)<br \/>Sie haben das Recht, von uns die Berichtigung oder Aktualisierung Ihrer Daten zu begehren. Soweit gesetzlich vorgesehen, haben Sie auch das Recht, die Vervollst\u00e4ndigung oder L\u00f6schung Ihrer Daten sowie die Einschr\u00e4nkung ihrer Verarbeitung zu begehren. Ausgenommen hievon sind solche Daten, deren Speicherung zur Erf\u00fcllung unserer gesetzlichen Pflichten, insbesondere zu Buchhaltungszwecken und Erf\u00fcllung unserer Aufbewahrungspflicht erforderlich sind.<\/li>\n<li>Mitteilungspflicht iZm L\u00f6schung und Einschr\u00e4nkung (Art 19 DSGVO)<br \/>Sie haben das Recht, von uns \u00fcber die Empf\u00e4nger Ihrer personenbezogenen Daten informiert zu werden und dass wir im zumutbaren Bereich diesen jede Berichtigung oder L\u00f6schung oder Einschr\u00e4nkung der Verarbeitung mitteilen.<\/li>\n<li>Daten\u00fcbertragbarkeit (Art 20 DSGVO)<br \/>Sie haben das Recht, Daten, die sie uns zur Verf\u00fcgung gestellt haben, in strukturiertem, maschinenlesbarem und gebr\u00e4uchlichem Format \u00fcbermittelt zu erhalten.<\/li>\n<li>Widerspruchsrecht (Art 21 DSGVO)<br \/>Sie haben das Recht, jederzeit der Datenverarbeitung durch uns zu widersprechen. Wir werden Ihrem Widerspruch entsprechen, es sei denn, wir k\u00f6nnen gesetzlich vorgesehene, zwingende schutzw\u00fcrdige Gr\u00fcnde f\u00fcr eine Weiterverarbeitung geltend machen, die Ihre Rechte \u00fcberwiegen<\/li>\n<li>Rechte iZm automatisierten Entscheidungen (Art 22 DSGVO)<br \/>Sie haben grunds\u00e4tzlich auch das Recht, nicht einer Entscheidung unterworfen zu werden, die ausschlie\u00dflich auf einer automatisierten Verarbeitung beruht, soweit dies nicht innerhalb der bestehenden gesetzlichen Voraussetzungen erfolgt. Eine entsprechende automatisierte Datenverarbeitung wird von uns gegenw\u00e4rtig nicht eingesetzt.<br \/><br \/><\/li>\n<\/ol>\n<p><strong>6 KONTAKT<\/strong><\/p>\n<ol>\n<li>F\u00fcr eine Geltendmachung Ihrer Rechte oder wenn Sie glauben, dass die Verarbeitung Ihrer Daten gegen das Datenschutzrecht verst\u00f6\u00dft oder Ihre datenschutzrechtlichen Anspr\u00fcche sonst in einer Weise verletzt worden sind, wenden Sie sich bitte an uns:<br \/>FHG Reinigung GmbH Museumstra\u00dfe 3b\/16 1070 Wien \u00a0<a href=\"mailto:dlha.dof@gmail.com\">dlha.dof@gmail.com<\/a> Tel: +43 660 848 53 75<br \/>Weitere Informationen finden Sie auf unserer Website: <a href=\"https:\/\/www.verstopft24.at\/en\/\">www.verstopft24.at<\/a><br \/><br \/><\/li>\n<li>Ebenso steht es Ihnen offen, sich direkt an die Datenschutzbeh\u00f6rde als zust\u00e4ndige Beh\u00f6rde zu wenden:<br \/>\u00d6sterreichische Datenschutzbeh\u00f6rde Barichgasse 40-42<br \/>1030 Wien<br \/>Telefon: +43 1 52 152-0<br \/>E\u2011Mail: <a href=\"mailto:dsb@dsb.gv.at\">dsb@dsb.gv.at<\/a><\/li>\n<\/ol>\t\t\t\t\t\t<\/div>\n\t\t\t\t<\/div>\n\t\t\t\t\t<\/div>\n\t\t\t\t<\/div>\n\t\t\t\t\t\t\t<\/div>","protected":false},"excerpt":{"rendered":"<p>Der Schutz Ihrer Daten hat f\u00fcr uns h\u00f6chste Priorit\u00e4t. Wir m\u00f6chten Sie daher im Zusammenhang mit der Verarbeitung Ihrer personenbezogenen Daten auf www.verstopft24.at und durch unsere sonstigen Produkte und Dienstleistungen \u00fcber Folgendes informieren: 1 ALLGEMEINES Verantwortlicher der Datenverarbeitung ist die FHG Reinigung GmbH (\u201eWir\u201c), eingetragen zu FN 600539x beim Handelsgericht Die FHG Reinigung GmbH bietet [&hellip;]<\/p>","protected":false},"author":1,"featured_media":0,"parent":0,"menu_order":0,"comment_status":"closed","ping_status":"closed","template":"","meta":{"footnotes":""},"class_list":["post-3","page","type-page","status-publish","hentry"],"_links":{"self":[{"href":"https:\/\/www.verstopft24.at\/en\/wp-json\/wp\/v2\/pages\/3","targetHints":{"allow":["GET"]}}],"collection":[{"href":"https:\/\/www.verstopft24.at\/en\/wp-json\/wp\/v2\/pages"}],"about":[{"href":"https:\/\/www.verstopft24.at\/en\/wp-json\/wp\/v2\/types\/page"}],"author":[{"embeddable":true,"href":"https:\/\/www.verstopft24.at\/en\/wp-json\/wp\/v2\/users\/1"}],"replies":[{"embeddable":true,"href":"https:\/\/www.verstopft24.at\/en\/wp-json\/wp\/v2\/comments?post=3"}],"version-history":[{"count":4,"href":"https:\/\/www.verstopft24.at\/en\/wp-json\/wp\/v2\/pages\/3\/revisions"}],"predecessor-version":[{"id":75582,"href":"https:\/\/www.verstopft24.at\/en\/wp-json\/wp\/v2\/pages\/3\/revisions\/75582"}],"wp:attachment":[{"href":"https:\/\/www.verstopft24.at\/en\/wp-json\/wp\/v2\/media?parent=3"}],"curies":[{"name":"wp","href":"https:\/\/api.w.org\/{rel}","templated":true}]}}