{"id":75583,"date":"2023-10-26T13:06:39","date_gmt":"2023-10-26T11:06:39","guid":{"rendered":"https:\/\/www.verstopft24.at\/?page_id=75583"},"modified":"2023-10-26T13:12:46","modified_gmt":"2023-10-26T11:12:46","slug":"allgemeine-geschaftsbedingungen","status":"publish","type":"page","link":"https:\/\/www.verstopft24.at\/en\/allgemeine-geschaftsbedingungen\/","title":{"rendered":"General terms and conditions"},"content":{"rendered":"<div data-elementor-type=\"wp-page\" data-elementor-id=\"75583\" class=\"elementor elementor-75583\">\n\t\t\t\t\t\t\t<div class=\"elementor-element elementor-element-39a81c99 e-flex e-con-boxed e-con e-parent\" data-id=\"39a81c99\" data-element_type=\"container\" data-settings=\"{&quot;content_width&quot;:&quot;boxed&quot;}\" data-core-v316-plus=\"true\">\n\t\t\t\t\t<div class=\"e-con-inner\">\n\t\t\t\t<div class=\"elementor-element elementor-element-1f305aab elementor-widget elementor-widget-text-editor\" data-id=\"1f305aab\" data-element_type=\"widget\" data-widget_type=\"text-editor.default\">\n\t\t\t\t<div class=\"elementor-widget-container\">\n\t\t\t<style>\/*! elementor - v3.16.0 - 14-09-2023 *\/\n.elementor-widget-text-editor.elementor-drop-cap-view-stacked .elementor-drop-cap{background-color:#69727d;color:#fff}.elementor-widget-text-editor.elementor-drop-cap-view-framed .elementor-drop-cap{color:#69727d;border:3px solid;background-color:transparent}.elementor-widget-text-editor:not(.elementor-drop-cap-view-default) .elementor-drop-cap{margin-top:8px}.elementor-widget-text-editor:not(.elementor-drop-cap-view-default) .elementor-drop-cap-letter{width:1em;height:1em}.elementor-widget-text-editor .elementor-drop-cap{float:left;text-align:center;line-height:1;font-size:50px}.elementor-widget-text-editor .elementor-drop-cap-letter{display:inline-block}<\/style>\t\t\t\t<p><strong>1 ALLGEMEINES<\/strong><\/p><p>1.1 Die nachfolgenden Allgemeinen Gesch\u00e4ftsbedingungen (\u201eAGB\u201c) gelten f\u00fcr s\u00e4mtliche gegenw\u00e4rtigen und zuk\u00fcnftigen Vertr\u00e4ge \u00fcber unsere Dienstleistungen (siehe 2.2), Lieferungen und sonstigen Gesch\u00e4ftsbeziehungen zwischen der FHG Reinigung GmbH, FN 600539 x (im Folgenden \u201eVERSTOPFT24\u201c oder \u201eWIR\u201c) und ihren Kunden (im Folgenden \u201eKUNDE oder \u201eSIE\u201c), sofern nicht im Einzelfall ausdr\u00fccklich und schriftlich Abweichendes vereinbart wird.<\/p><p>1.2 \u201eKunden\u201c im Sinne dieser AGB sind sowohl Verbraucher als auch Unternehmer, sofern im Folgenden nicht ausdr\u00fccklich anders spezifiziert wird.<\/p><p>1.3 Diese AGB gelten auch dann, wenn sie bei nachfolgenden oder wiederholten Gesch\u00e4ften nicht nochmals ausdr\u00fccklich vereinbart werden.<\/p><p>1.4 Entgegenstehenden Allgemeinen Gesch\u00e4ftsbedingungen des Kunden wird ausdr\u00fccklich widersprochen. Eines weiteren Widerspruchs gegen die AGB des Kunden durch uns bedarf es nicht. Die AGB des Kunden werden auch dann nicht zum Vertragsbestandteil, wenn wir diesen nach Eingang nicht ausdr\u00fccklich widersprechen. Nebenabreden bed\u00fcrfen zu ihrer G\u00fcltigkeit unserer schriftlichen Best\u00e4tigung.<\/p><p>1.5 Diese AGB gelten f\u00fcr die Erbringung unserer Dienstleistungen.<br \/><br \/><\/p><p><strong>2 BEGRIFFE<\/strong><\/p><p>2.1 \u201eAuftrag\u201c ist unser Vertrag mit Ihnen \u00fcber die Erbringung unserer Dienstleistungen.<\/p><p>2.2 Zu unseren \u201eDienstleistungen\u201c geh\u00f6ren insbesondere die fachm\u00e4nnische optische Inspektion inklusive Kamerabefahrung von Rohren und Kan\u00e4len, die Reinigung von Rohren und Kan\u00e4len, sowie die Inspektion nach der Reinigung.<\/p><p>2.3 \u201eEntgelt\u201c bezeichnet das Entgelt f\u00fcr unsere Dienstleistungen, zuz\u00fcglich der darauf entfallenden Umsatzsteuer.<\/p><p>2.4 \u201eAnlage\u201c bezeichnet das Objekt, auf das sich unsere Dienstleistungen beziehen bzw. an denen unsere Dienstleistungen erbracht werden.<br \/><br \/><\/p><p><strong>3 PREISE UND VERTRAGSABSCHLUSS<\/strong><\/p><p>3.1 Voraussetzung unserer Leistungserbringung ist der Abschluss eines schriftlichen Vertrags zwischen uns und Ihnen \u00fcber insbesondere das Entgelt, die zu erbringenden Dienstleistungen sowie den Leistungsort und -zeitraum. Das vereinbarte Entgelt versteht sich in Euro. Die genaue, dem Auftrag gegenst\u00e4ndliche Leistungsbeschreibung erfolgt auf Basis s\u00e4mtlicher von Ihnen bis zum Vertragsabschluss zur Verf\u00fcgung gestellter Information.<\/p><p>3.2 Das Entgelt umfasst nicht etwaige amtliche Geb\u00fchren f\u00fcr die Pr\u00fcfung der Anlage. Sie verpflichten sich dazu, Geb\u00fchren, die VERSTOPFT24 beh\u00f6rdlich vorgeschrieben werden, im vollen Umfang zu ersetzen.<\/p><p>3.3 F\u00fcr zus\u00e4tzliche, vom Auftrag nicht umfasste Arbeiten gelten die Listenpreise von VERSTOPFT24 als vereinbart.<\/p><p>3.4 Die Kostenvoranschl\u00e4ge von VERSTOPFT24 werden unverbindlich und ohne Gew\u00e4hr erstellt. Dasselbe gilt f\u00fcr Anzeigen, Ausk\u00fcnfte auf Messest\u00e4nden, unsere Website, Kataloge, Preislisten und sonstiges Informationsmaterial \u00fcber unsere Dienstleistungen. Eine rechtliche Bindung von VERSTOPFT24 entsteht erst mit ausdr\u00fccklicher Annahme des Auftrages durch uns oder durch unsere ausdr\u00fcckliche schriftliche Erkl\u00e4rung, uns an ein Angebot gebunden zu sehen.<\/p><p>3.5 S\u00e4mtliche Unterlagen im Zusammenhang mit unseren Dienstleistungen, dazu geh\u00f6ren auch Urkunden, Entw\u00fcrfe, Pl\u00e4ne, Zeichnungen und Berechnungen, bleiben im geistigen Eigentum von VERSTOPFT24. Sie sind verpflichtet, diese geheim zu halten und nicht ohne unsere ausdr\u00fcckliche schriftliche Zustimmung zu kopieren, zu ver\u00f6ffentlichen, an andere Unternehmen oder Personen weiterzugeben oder diesen Einsicht zu gew\u00e4hren. Wir haben dar\u00fcber hinaus das Recht, s\u00e4mtliche Unterlagen von Ihnen jederzeit zur\u00fcckzuverlangen und sind diese insbesondere bei Nichtzustandekommen eines Vertrags zwischen uns und Ihnen durch Sie unverz\u00fcglich an uns zur\u00fcckzustellen.<\/p><p>3.6 Sie sind dazu verpflichtet, uns Ihre Unterlagen, die f\u00fcr die Ausf\u00fchrung der vertraglichen Leistungen notwendig sind (zB Pl\u00e4ne, Zeichnungen, Berechnungen etc.) unentgeltlich und rechtzeitig vor Vertragsabschluss zur Verf\u00fcgung zu stellen. Sie sind sich dessen bewusst, dass die Erteilung relevanter Informationen nach Vertragsabschluss das Projektvolumen und somit das vereinbarte Entgelt nachtr\u00e4glich ver\u00e4ndern kann.<br \/><br \/><\/p><p><strong>4 ERBRINGUNG UNSERER DIENSTLEISTUNGEN<\/strong><\/p><p>4.1 Der Erf\u00fcllungsort richtet sich, wenn nicht anders vereinbart, nach dem Ort der Anlage. Im Rahmen des erteilten Auftrages bestimmen wir bzw. unsere Mitarbeiter selbst\u00e4ndig \u00fcber den t\u00e4glichen Arbeitsumfang, den Arbeitsausgangspunkt, die Wahl der Maschinen und Ger\u00e4te, sowie sonstige Umst\u00e4nde der Durchf\u00fchrung der vereinbarten Arbeiten.<\/p><p>4.2 Wir erbringen die vereinbarten Leistungen entweder selbst oder durch von uns beauftragte Subunternehmer, zu deren Beauftragung wir zu jeder Zeit des aufrechten Auftragsverh\u00e4ltnisses zwischen uns und Ihnen berechtigt sind.<\/p><p>4.3 Sie sind dazu verpflichtet, uns in allen Belangen zu unterst\u00fctzen, die f\u00fcr eine einwandfreie und rasche Abwicklung des Auftrages erforderlich sind, insbesondere durch Information \u00fcber technische und branchenspezifische Besonderheiten und die Beschaffenheit des zu verarbeitenden Objekts.<\/p><p>4.4 Sie sind dazu verpflichtet, auf Ihre Kosten Heizung, Beleuchtung, Strom, Wasser (Hei\u00dfwasser) und Internet einschlie\u00dflich der erforderlichen Anschl\u00fcsse sowie Lagerfl\u00e4chen und Aufenthaltsr\u00e4ume im erforderlichen Ausma\u00df zur Verf\u00fcgung zu stellen.<\/p><p>4.5 Wir haften nicht f\u00fcr Verz\u00f6gerungen oder Sch\u00e4den, die auf Gr\u00fcnde zur\u00fcckzuf\u00fchren sind, die au\u00dferhalb unserer Machtsph\u00e4re liegen. Dazu geh\u00f6ren insbesondere F\u00e4lle h\u00f6herer Gewalt, einschlie\u00dflich Feuer, Naturkatastrophen, Krieg, Streiks, Kontaminierung, Pandemien, weiters unplanbare Ausf\u00e4lle von Mitarbeitern, Betriebsst\u00f6rungen, sowie Sch\u00e4den am Objekt der Dienstleistungserbringung oder der Anlage, deren Eintritt nicht ausschlie\u00dflich in unsere Einflusssph\u00e4re f\u00e4llt. Die Vertragsparteien haben vereinbart, dass sie im Falle der h\u00f6heren Gewalt einen solchen Nachtrag zum Vertrag und allen einschl\u00e4gigen Bestimmungen vereinbaren, der die Auswirkungen der h\u00f6heren Gewalt auf die Pflichten der Vertragsparteien ber\u00fccksichtigt und in wirtschaftlicher Hinsicht im h\u00f6chst m\u00f6glichen Ausma\u00df dem urspr\u00fcnglichen Zweck des Vertrages entspricht. Falls die Vertragsparteien trotz Bem\u00fchungen keine Vereinbarung \u00fcber die Anpassung des Vertrages im Sinne dieses Punkts treffen und das Ereignis h\u00f6herer Gewalt l\u00e4nger als drei Monate dauerhaft anh\u00e4lt, kann jede der Vertragsparteien diesen Vertrag unter Einhaltung einer K\u00fcndigungsfrist von vierzehn Tagen schriftlich k\u00fcndigen. Mit Ablauf der Frist ist das Vertragsverh\u00e4ltnis mit sofortiger Wirkung beendet.<\/p><p>4.6 Die Dienstleistungen gelten als abgeschlossen, wenn die Anlage wieder betriebsbereit ist und s\u00e4mtliche vereinbarten Nachbereitungen unsererseits erbracht und abgeschlossen wurden.<\/p><p>4.7 Der \u00dcbergabetermin wird zwischen uns vereinbart und hat unmittelbar nach Erbringung unserer Arbeiten zu erfolgen. Sollten Sie nicht oder nicht rechtzeitig zum \u00dcbergabetermin erscheinen, so gelten die erbrachten Arbeiten als mit dem vereinbarten \u00dcbergabetermin \u00fcbergeben und werden folglich s\u00e4mtliche damit verbundenen Rechtsfolgen ausgel\u00f6st.<\/p><p>4.8 Die fach- und umweltgerechte Entsorgung von Altmaterial haben Sie zu veranlassen. Werden wir hiermit beauftragt, ist dies von Ihnen zus\u00e4tzlich im hierf\u00fcr vereinbarten Ausma\u00df angemessen zu verg\u00fcten und entsprechend in der Leistungsaufstellung darzustellen.<br \/><br \/><\/p><p><strong>5 RECHTE UND PFLICHTEN DES KUNDEN<\/strong><\/p><p>5.1 Sie haben daf\u00fcr zu sorgen, dass die Anlage, an der unsere Dienstleistungen erbracht werden, w\u00e4hrend der gesamten Dauer der Arbeiten nicht benutzt wird. Ebenso haben Sie daf\u00fcr zu sorgen, dass die Anlage f\u00fcr uns und unsere Mitarbeiter und Subunternehmer w\u00e4hrend der gesamten Dauer der Arbeiten an s\u00e4mtlichen Teilen zug\u00e4nglich ist, die f\u00fcr die Erbringung unserer Leistungen relevant sind.<\/p><p>5.2 Sie sorgen daf\u00fcr, nach unserer Erbringung der vereinbarten Dienstleistungen zu \u00fcberpr\u00fcfen, dass alle betroffenen Anlagen in ordnungsgem\u00e4\u00dfem Zustand hinterlassen worden sind, und uns andernfalls umgehend \u00fcber Missst\u00e4nde zu informieren.<\/p><p>5.3 VERSTOPFT24 haftet nicht f\u00fcr eine Verz\u00f6gerung der Arbeiten oder f\u00fcr Sch\u00e4den, die auf eine Verletzung Ihrer Pflichten zur\u00fcckzuf\u00fchren sind.<\/p><p>5.4 Wenn und soweit Sie f\u00fcr Sch\u00e4den, f\u00fcr die wir haften, Versicherungsleistungen durch eine eigene oder zu Ihren Gunsten abgeschlossene Schadensversicherung (z.B. Haftpflichtversicherung, Kasko, Transport, Feuer, Betriebsunterbrechung, etc.) in Anspruch nehmen k\u00f6nnen, verpflichten Sie sich zuerst zur Inanspruchnahme der Versicherungsleistung und beschr\u00e4nkt sich unsere Haftung insoweit auf die Nachteile, die Ihnen zus\u00e4tzlich entstehen.<\/p><p>5.5 Sie sagen zu, uns \u00fcber bestehende Sicherheitsvorkehrungen und Vorschriften, insbesondere Unfallverh\u00fctungsvorschriften vor Vertragsabschluss zu unterrichten, soweit diese nicht unmittelbar mit der beauftragten Leistung verbunden sind. Wir haften nicht f\u00fcr Sch\u00e4den, die durch uns aufgrund fehlender Information zu bestehenden Sicherheitsvorkehrungen und Vorschriften verursacht werden.<br \/><br \/><\/p><p><strong>6 RECHTE UND PFLICHTEN VON VERSTOPFT24<\/strong><\/p><p>6.1 Wir sind dazu verpflichtet, Sie \u00fcber alle Umst\u00e4nde, die die Erbringung der Dienstleistungen verhindern, sofern m\u00f6glich im Voraus zu informieren, andernfalls sobald diese uns bekannt werden. \u00dcber nach Beauftragung bekannt werdende Gr\u00fcnde f\u00fcr eine Verhinderung der Leistung k\u00f6nnen wir nicht zur Haftung gezogen werden.<\/p><p>6.2 Neben den gesetzlichen Gr\u00fcnden sind wir insbesondere aus den folgenden Gr\u00fcnden zum R\u00fccktritt vom Auftrag berechtigt:<\/p><p style=\"padding-left: 40px;\">6.2.1 Er\u00f6ffnung eines Insolvenzverfahrens \u00fcber Ihr Verm\u00f6gen, auch zu jedem Zeitpunkt nach der Er\u00f6ffnung des Insolvenzverfahrens, einschlie\u00dflich des Zeitraums nach der Erkl\u00e4rung des Konkurses \u00fcber Ihr Verm\u00f6gen;<\/p><p style=\"padding-left: 40px;\">6.2.2 Wiederholte erfolglose Versuche, Sie im Zusammenhang mit dem Auftrag, den zu erbringenden Dienstleistungen oder Entgeltszahlungen zu kontaktieren;<\/p><p style=\"padding-left: 40px;\">6.2.3 Gr\u00fcnde oder Verhaltensweisen Ihrerseits, die die Zusammenarbeit mit Ihnen derart erschweren oder das Vertrauen zwischen uns und Ihnen derart besch\u00e4digen, dass uns eine Zusammenarbeit mit Ihnen nicht mehr zugemutet werden kann.<\/p><p>6.3 Bei Ausma\u00dfverrechnungen findet die Aufnahme in Ihrer Gegenwart oder in Gegenwart eines von Ihnen bestellten Vertreters statt. Bei Nichterscheinen Ihrerseits bzw. Ihres Vertreters zu den Ausmessungen werden die von uns verzeichneten Ausma\u00dfe als richtig anerkannt. Bogenf\u00f6rmig verlegte Leitungen werden im Au\u00dfenbogen gemessen, 5 % der Rohrsumme sind als Verschnitt zu ber\u00fccksichtigen.<\/p><p>6.4 Wir sind dazu berechtigt, die Arbeitsergebnisse oder Ausschnitte daraus zum Zwecke der Eigenwerbung unentgeltlich zu nutzen.<br \/><br \/><\/p><p><strong>7 GEW\u00c4HRLEISTUNG UND SCHADENERSATZ<\/strong><\/p><p>7.1 M\u00e4ngel unserer Dienstleistungen m\u00fcssen von Ihnen bei uns binnen vier Wochen nach Erbringung der Leistung bzw. zumutbarer Kenntniserlangung von Schaden und Sch\u00e4diger, sp\u00e4testens jedoch binnen eines Jahres ger\u00fcgt werden. Die Beanstandung hat s\u00e4mtliche Details des beanstandeten Mangels zu beinhalten und ist schriftlich an unsere E-Mail- Adresse oder unsere Postadresse zu senden und hat innerhalb der Frist bei uns einzutreffen. Sp\u00e4ter eingehende Beanstandungen unserer Leistungen k\u00f6nnen von uns nicht ber\u00fccksichtigt werden. Die Erhebung von M\u00e4ngeln enthebt Sie nicht von der Pflicht zur fristgerechten Bezahlung der von uns erbrachten Dienstleistungen.<\/p><p>7.2 F\u00fcr Verbraucher-Kunden gelten die gesetzlichen Gew\u00e4hrleistungsfristen.<\/p><p>7.3 Es obliegt Ihnen zu beweisen, dass ein Schaden durch uns entsprechend der in diesen AGB festgelegten Verschuldensbestimmungen verursacht wurde.<\/p><p>7.4 VERSTOPFT24 \u00fcbernimmt keine Haftung f\u00fcr Sch\u00e4den, die durch den Einsatz von Materialien, Baustoffen oder Werkzeugen oder an diesen entstehen, die Sie selbst bereitgestellt haben und auf deren Verwendung Sie bestehen. VERSTOPFT24 steht diefalls ein zus\u00e4tzliches Entgelt im Umfang von 20 % der eigenen Listenpreise der entsprechenden Materialien, Baustoffe oder Werkzeuge zur Deckung der eigenen Kosten zu.<\/p><p>7.5 VERSTOPFT24 haftet dar\u00fcber hinaus nur f\u00fcr Sch\u00e4den, die Ihnen durch uns bei der Erbringung unserer Dienstleistungen vorwerfbar durch vors\u00e4tzliches oder grob fahrl\u00e4ssiges Verhalten unsererseits entstehen. Eine Schadenersatzpflicht f\u00fcr mittelbare und unmittelbare Sch\u00e4den aufgrund Versehens und leichter Fahrl\u00e4ssigkeit unsererseits sind ausgeschlossen. Wir haften dar\u00fcber hinaus nicht f\u00fcr Sch\u00e4den, die durch Arbeiten an defekten oder vorschriftswidrig errichteten Anlagen, Leitungen und Rohren, an unzug\u00e4nglichen Anlagen oder solchen, die w\u00e4hrend der Erbringung unserer Dienstleistungen blockiert oder verstopft sind oder benutzt werden oder an Anlagen, die nicht aus Stahl, Gusseisen, Stein oder PVC bestehen, entstehen oder durch austretenden Inhalt der Anlagen allenfalls entstehen k\u00f6nnen.<\/p><p>7.6 Wir k\u00f6nnen dar\u00fcber hinaus keine Gew\u00e4hrleistung f\u00fcr unsere versuchten Reinigungen \u00fcbernehmen, die unsererseits unter Einsatz der gebotenen fachm\u00e4nnischen Sorgfalt unternommen wurden und dennoch erfolglos oder teils erfolglos geblieben sind. Wir haften weiters nicht f\u00fcr Sch\u00e4den, die auf mangelhafte Ger\u00e4te oder Elektronik zur\u00fcckzuf\u00fchren sind.<\/p><p>7.7 Der Ersatz von Sch\u00e4den, die wir Ihnen entsprechend der Bestimmungen dieser AGB oder zwingender gesetzlicher Bestimmungen zu ersetzen haben, ist betraglich mit der H\u00f6he des Entgelts des zugrundeliegenden Auftrags begrenzt. Unsere Schadenersatzpflicht f\u00fcr entgangenen Gewinn ist ausgeschlossen.<\/p><p>7.8 Sch\u00e4den, die VERSTOPFT24 durch Verhalten und Verz\u00f6gerungen entstehen, die Ihnen g\u00e4nzlich oder zum Teil zuzurechnen sind, sind uns von Ihnen zus\u00e4tzlich zum vereinbarten Entgelt zu ersetzen.<br \/><br \/><\/p><p><strong>8 ZAHLUNGSBEDINGUNGEN<\/strong><\/p><p>8.1 VERSTOPFT24 steht eine Vorauszahlung von einem Drittel des Entgelts bei Bestellung zu. Ein weiteres Drittel des Entgelts wird mit Beginn der Erbringung unserer Dienstleistungen f\u00e4llig. Die Bezahlung des verbleibenden Entgelts wird mit dem vereinbarten \u00dcbergabetermin f\u00e4llig. S\u00e4mtliche f\u00e4lligen Betr\u00e4ge sind unmittelbar nach Rechnungslegung zu begleichen.<\/p><p>8.2 F\u00fcr Zahlungsverzug gelten die gesetzlichen Verzugszinsen f\u00fcr Unternehmer bzw. Verbraucher als vereinbart.<\/p><p>8.3 Befinden Sie sich mit der Bezahlung eines f\u00e4lligen Entgeltanteils in Verzug, so steht es uns zu, nach Mahnung und Setzung einer Nachfrist von zwei Wochen vom Vertrag zur\u00fcckzutreten. Im Falle eines solchen R\u00fccktritts haben Sie auch unsere Kosten f\u00fcr den geordneten Abbruch unserer Arbeiten und die vereinbarte R\u00e4umung der Baustelle bzw. der Anlage zu tragen. Es steht uns dar\u00fcber hinaus im Falle Ihres Zahlungsverzugs zu, die Erbringung unserer Leistungen umgehend bis zur vollst\u00e4ndigen Bezahlung der ausst\u00e4ndigen Betr\u00e4ge zu unterbrechen.<\/p><p>8.4 Eine Aufrechnung des Entgelts mit Gegenforderungen steht Ihnen nicht zu. Sie sind nicht dazu berechtigt, das ausst\u00e4ndige Entgelt mit allf\u00e4lligen Anspr\u00fcchen aus Gew\u00e4hrleistung, Schadenersatz oder Irrtum aufzurechnen, es sei denn, die Forderungen sind schriftlich durch uns anerkannt oder Ihnen durch gerichtliche rechtskr\u00e4ftige Entscheidung zugesprochen worden.<\/p><p>8.5 Bis zur vollst\u00e4ndigen Bezahlung des Entgelts Ihrerseits behalten wir uns das Eigentum an den von uns erbrachten Dienstleistungen, verbauten Materialien, Baustoffen und anderen Fahrnissen vor.<br \/><br \/><\/p><p><strong>9 BESONDERE BESTIMMUNGEN F\u00dcR VERBRAUCHER-KUNDEN<\/strong><\/p><p>9.1 Die zwingenden gesetzlichen Bestimmungen des KSchG bleiben durch diese AGB unber\u00fchrt.<\/p><p>9.2 Unber\u00fchrt bleiben weiters die Bestimmungen des FAGG. Verbraucher-Kunden steht das Recht gem\u00e4\u00df \u00a7 11 FAGG zu, binnen 14 Tagen ab Vertragsabschluss ohne Angabe von Gr\u00fcnden vom Vertrag zur\u00fcckzutreten. Die Erbringung unserer Dienstleistungen f\u00fcr Verbraucher-Kunden beginnt daher fr\u00fchestens nach Ablauf der 14-t\u00e4gigen R\u00fccktrittsfrist gem\u00e4\u00df \u00a7 11 FAGG. Sie k\u00f6nnen jedoch gem\u00e4\u00df \u00a7 10 FAGG erkl\u00e4ren, zugunsten eines fr\u00fcheren Arbeitsbeginns auf Ihr R\u00fccktrittsrecht gem\u00e4\u00df \u00a7 11 FAGG zu verzichten. Treten Sie im Anschluss dennoch w\u00e4hrend unserer Leistungserbringung zur\u00fcck, so haben Sie uns einen Betrag zu bezahlen, der unseren bis dahin erbrachten Leistungen inklusive der Kosten f\u00fcr den geordneten Abbruch unserer Arbeiten und die vereinbarte R\u00e4umung der Baustelle entspricht. Bei vollst\u00e4ndiger Erbringung unserer Leistungen tritt der Verlust Ihres R\u00fccktrittsrechts ein.<\/p><p>9.3 Wir weisen Sie au\u00dferdem hiermit ausdr\u00fccklich auf die Regelung des \u00a7 18 Abs 2 FAGG hin, dementsprechend Ihr R\u00fccktrittsrecht hinsichtlich dringend vorzunehmender Arbeiten, Reparaturen und Instandhaltungen ausgeschlossen ist, wenn Sie uns ausdr\u00fccklich zu einem Besuch und der Ausf\u00fchrung der Arbeiten aufgefordert haben.<br \/><br \/><\/p><p><strong>10 SONSTIGE BESTIMMUNGEN<\/strong><\/p><p>10.1 Mit dem Abschluss des Vertrages best\u00e4tigen Sie, dass Sie diese Allgemeinen Gesch\u00e4ftsbedingungen sowie unsere Datenschutzerkl\u00e4rung in ihrer jeweils aktuellen Fassung gelesen haben, mit deren Inhalt einverstanden sind und sie akzeptieren.<\/p><p>10.2 S\u00e4mtliche im Zusammenhang mit unserem Auftrag stehende verbindliche Kommunikation hat schriftlich, bevorzugt elektronisch, zu erfolgen. Dies gilt auch f\u00fcr eine Vereinbarung \u00fcber das Abweichen der Schriftform. Als Zustelladressen gelten unsere Postanschrift Museumstra\u00dfe 3b\/16, 1070 Wien sowie unsere Email-Adresse info@verstopft24.at. F\u00fcr erstmalige Kontaktierung steht Ihnen au\u00dferdem unser Kontaktformular auf www.verstopft24.at zur Verf\u00fcgung.<\/p><p>10.3 Gerichtsstand f\u00fcr s\u00e4mtliche in Zusammenhang mit dem Auftrag stehenden Streitigkeiten mit Kunden ist das f\u00fcr den ersten Wiener Gemeindebezirk zust\u00e4ndige Gericht, sofern nicht ein ausschlie\u00dflicher Gerichtsstand besteht. Es gilt \u00f6sterreichisches Recht unter Ausschluss des Kollisisonsrechts als vereinbart.<\/p><p>10.4 \u00c4nderungen dieser AGB werden bekannt gegeben, indem sie auf unserer Website ver\u00f6ffentlicht werden, und gelten f\u00fcr s\u00e4mtliche Vertr\u00e4ge als vereinbart, die nach ihrem Ver\u00f6ffentlichungsdatum abgeschlossen werden.<\/p><p>10.5 Sollte eine Bestimmung dieser AGB ganz oder teilweise unwirksam, nichtig oder anfechtbar sein oder werden, wird hierdurch die G\u00fcltigkeit der \u00fcbrigen Bestimmungen nicht ber\u00fchrt. Die Vertragsparteien verpflichten sich in diesem Fall, statt der nichtigen, anfechtbaren oder unwirksamen Bestimmung eine solche zu vereinbaren, die ihrem wirtschaftlichen Sinn m\u00f6glichst nahekommt und einen entsprechenden wirtschaftlichen Erfolg gew\u00e4hrleistet.<\/p><p><strong>Stand: 23. Oktober 2023<\/strong><\/p>\t\t\t\t\t\t<\/div>\n\t\t\t\t<\/div>\n\t\t\t\t\t<\/div>\n\t\t\t\t<\/div>\n\t\t\t\t\t\t\t<\/div>","protected":false},"excerpt":{"rendered":"<p>1 ALLGEMEINES 1.1 Die nachfolgenden Allgemeinen Gesch\u00e4ftsbedingungen (\u201eAGB\u201c) gelten f\u00fcr s\u00e4mtliche gegenw\u00e4rtigen und zuk\u00fcnftigen Vertr\u00e4ge \u00fcber unsere Dienstleistungen (siehe 2.2), Lieferungen und sonstigen Gesch\u00e4ftsbeziehungen zwischen der FHG Reinigung GmbH, FN 600539 x (im Folgenden \u201eVERSTOPFT24\u201c oder \u201eWIR\u201c) und ihren Kunden (im Folgenden \u201eKUNDE oder \u201eSIE\u201c), sofern nicht im Einzelfall ausdr\u00fccklich und schriftlich Abweichendes vereinbart wird. [&hellip;]<\/p>","protected":false},"author":1,"featured_media":0,"parent":0,"menu_order":0,"comment_status":"closed","ping_status":"closed","template":"","meta":{"footnotes":""},"class_list":["post-75583","page","type-page","status-publish","hentry"],"_links":{"self":[{"href":"https:\/\/www.verstopft24.at\/en\/wp-json\/wp\/v2\/pages\/75583","targetHints":{"allow":["GET"]}}],"collection":[{"href":"https:\/\/www.verstopft24.at\/en\/wp-json\/wp\/v2\/pages"}],"about":[{"href":"https:\/\/www.verstopft24.at\/en\/wp-json\/wp\/v2\/types\/page"}],"author":[{"embeddable":true,"href":"https:\/\/www.verstopft24.at\/en\/wp-json\/wp\/v2\/users\/1"}],"replies":[{"embeddable":true,"href":"https:\/\/www.verstopft24.at\/en\/wp-json\/wp\/v2\/comments?post=75583"}],"version-history":[{"count":4,"href":"https:\/\/www.verstopft24.at\/en\/wp-json\/wp\/v2\/pages\/75583\/revisions"}],"predecessor-version":[{"id":75587,"href":"https:\/\/www.verstopft24.at\/en\/wp-json\/wp\/v2\/pages\/75583\/revisions\/75587"}],"wp:attachment":[{"href":"https:\/\/www.verstopft24.at\/en\/wp-json\/wp\/v2\/media?parent=75583"}],"curies":[{"name":"wp","href":"https:\/\/api.w.org\/{rel}","templated":true}]}}