{"id":75598,"date":"2023-11-16T11:09:23","date_gmt":"2023-11-16T10:09:23","guid":{"rendered":"https:\/\/www.verstopft24.at\/?page_id=75598"},"modified":"2023-11-16T11:13:35","modified_gmt":"2023-11-16T10:13:35","slug":"impressum","status":"publish","type":"page","link":"https:\/\/www.verstopft24.at\/en\/impressum\/","title":{"rendered":"Impressum"},"content":{"rendered":"<div data-elementor-type=\"wp-page\" data-elementor-id=\"75598\" class=\"elementor elementor-75598\">\n\t\t\t\t\t\t\t<div class=\"elementor-element elementor-element-39a81c99 e-flex e-con-boxed e-con e-parent\" data-id=\"39a81c99\" data-element_type=\"container\" data-settings=\"{&quot;content_width&quot;:&quot;boxed&quot;}\" data-core-v316-plus=\"true\">\n\t\t\t\t\t<div class=\"e-con-inner\">\n\t\t\t\t<div class=\"elementor-element elementor-element-1f305aab elementor-widget elementor-widget-text-editor\" data-id=\"1f305aab\" data-element_type=\"widget\" data-widget_type=\"text-editor.default\">\n\t\t\t\t<div class=\"elementor-widget-container\">\n\t\t\t<style>\/*! elementor - v3.16.0 - 14-09-2023 *\/\n.elementor-widget-text-editor.elementor-drop-cap-view-stacked .elementor-drop-cap{background-color:#69727d;color:#fff}.elementor-widget-text-editor.elementor-drop-cap-view-framed .elementor-drop-cap{color:#69727d;border:3px solid;background-color:transparent}.elementor-widget-text-editor:not(.elementor-drop-cap-view-default) .elementor-drop-cap{margin-top:8px}.elementor-widget-text-editor:not(.elementor-drop-cap-view-default) .elementor-drop-cap-letter{width:1em;height:1em}.elementor-widget-text-editor .elementor-drop-cap{float:left;text-align:center;line-height:1;font-size:50px}.elementor-widget-text-editor .elementor-drop-cap-letter{display:inline-block}<\/style>\t\t\t\t<p><strong>Impressum<\/strong><br \/>FHG Reinigung GmbH<br \/>Museumstra\u00dfe 3b\/16<br \/>1070 Wien<br \/>\u00d6sterreich<br \/>Telefon: +43 660 848 53 75<br \/>Web: www.verstopft24.at, www.fhgreinigung.at<br \/>E-Mail: info@verstopft24.at<\/p><p><br \/><strong>Firmenbuchnummer:<\/strong> 600539x<\/p><p><strong>Firmenbuchgericht:<\/strong> Handelsgericht Wien<\/p><p><strong>Firmensitz:<\/strong> Wien<\/p><p><strong>Umsatzsteuer-Identifikationsnummer:<\/strong> &#8211;<\/p><p><strong>Gesch\u00e4ftsf\u00fchrung:<\/strong> Ing. Michaela Dlh\u00e1, Ing. Jakub Dlh\u00fd<\/p><p>\u00a0<\/p><p><strong>Gewerbebeh\u00f6rde:<\/strong><br \/>Magistratisches Bezirksamt f\u00fcr den 6.\/7. Bezirk<\/p><p>Tel: +43 1 4000 07000<\/p><p>Fax: +43 1 4000 99 07220<\/p><p>Web: http:\/\/www.wien.gv.at\/mba\/<\/p><p>E-Mail: post@mba06.wien.gv.at<\/p><p>\u00a0<\/p><p><strong>Unternehmensgegenstand:<br \/><\/strong>\u00b7 Dienstleistungen eines Netzingenieurs<br \/>\u00b7 Kanalreinigung<br \/>\u00b7 Kamerabefahrung und Inspektion<\/p><p><strong>Mitgliedschaften bei der Wirtschaftskammerorganisation<\/strong><\/p><p>\u00a0<\/p><p><strong>Anwendbare berufsrechtliche Rechtsvorschriften und Zugang dazu:<\/strong><br \/>Gewerbeordnung: www.ris.bka.gv.at<\/p><p><strong>Allgemeine Gesch\u00e4ftsbedingungen (AGB)<\/strong><br \/>Unsere Allgemeinen Gesch\u00e4ftsbedingungen (AGB) finden Sie hier:<\/p><p><blockquote class=\"wp-embedded-content\" data-secret=\"wTEij5t7w3\"><a href=\"https:\/\/www.verstopft24.at\/en\/allgemeine-geschaftsbedingungen\/\">General terms and conditions<\/a><\/blockquote><iframe loading=\"lazy\" class=\"wp-embedded-content\" sandbox=\"allow-scripts\" security=\"restricted\" style=\"position: absolute; clip: rect(1px, 1px, 1px, 1px);\" title=\"&#8220;Allgemeine gesch\u00e4ftsbedingungen&#8221; &#8212; Verstopft24\" src=\"https:\/\/www.verstopft24.at\/allgemeine-geschaftsbedingungen\/embed\/#?secret=VbU1VxXAiH#?secret=wTEij5t7w3\" data-secret=\"wTEij5t7w3\" width=\"600\" height=\"338\" frameborder=\"0\" marginwidth=\"0\" marginheight=\"0\" scrolling=\"no\"><\/iframe><\/p><p><strong>Hinweise zum Datenschutz<\/strong><\/p><p>Wir versichern, dass Ihre Daten vertraulich behandelt werden. N\u00e4here Informationen zum<br \/>Datenschutz k\u00f6nnen Sie unseren Datenschutzhinweisen unserer Datenschutzerkl\u00e4rung<br \/>entnehmen. Die Datenschutzerkl\u00e4rung finden Sie hier:<br \/>https:\/\/www.verstopft24.at\/datenschutzerklarung\/<\/p><p>\u00a0<\/p><p><strong>Alternative Streitbeilegung<\/strong><br \/>Wir bem\u00fchen uns, m\u00f6gliche Meinungsverschiedenheiten mit unseren Kunden geschlossenen<br \/>Vertr\u00e4gen einvernehmlich \u00fcber unseren Kundenservice zu l\u00f6sen. Dar\u00fcber hinaus sind wir zur<br \/>Teilnahme an einem Streitbeilegungsverfahren vor einer Verbraucherschlichtungsstelle nicht<br \/>verpflichtet und grunds\u00e4tzlich auch nicht bereit.<\/p><p>Verbraucher haben die M\u00f6glichkeit, Beschwerden an die Online-Streitbeilegungsplattform der<br \/>EU zu richten: http:\/\/ec.europa.eu\/odr. Sie k\u00f6nnen Ihre Beschwerden auch direkt bei uns bei<br \/>folgender E-Mail Adresse einbringen dlha.dof@gmail.com<\/p><p>\u00a0<\/p><p><strong>Haftungsausschluss<\/strong><br \/>Alle auf diesen Webseiten bereitgestellten Informationen sowie allf\u00e4llige Verlinkungen auf<br \/>fremde Webseiten wurden nach bestem Gewissen erstellt und mit gr\u00f6\u00dftm\u00f6glicher Sorgfalt<br \/>\u00fcberpr\u00fcft. Jedoch kann keine Haftung daf\u00fcr \u00fcbernommen werden, dass alle Angaben zu<br \/>jeder Zeit vollst\u00e4ndig, richtig und in letzter Aktualit\u00e4t dargestellt sind.<\/p>\t\t\t\t\t\t<\/div>\n\t\t\t\t<\/div>\n\t\t\t\t\t<\/div>\n\t\t\t\t<\/div>\n\t\t\t\t\t\t\t<\/div>","protected":false},"excerpt":{"rendered":"<p>ImpressumFHG Reinigung GmbHMuseumstra\u00dfe 3b\/161070 Wien\u00d6sterreichTelefon: +43 660 848 53 75Web: www.verstopft24.at, www.fhgreinigung.atE-Mail: info@verstopft24.at Firmenbuchnummer: 600539x Firmenbuchgericht: Handelsgericht Wien Firmensitz: Wien Umsatzsteuer-Identifikationsnummer: &#8211; Gesch\u00e4ftsf\u00fchrung: Ing. Michaela Dlh\u00e1, Ing. Jakub Dlh\u00fd \u00a0 Gewerbebeh\u00f6rde:Magistratisches Bezirksamt f\u00fcr den 6.\/7. Bezirk Tel: +43 1 4000 07000 Fax: +43 1 4000 99 07220 Web: http:\/\/www.wien.gv.at\/mba\/ E-Mail: post@mba06.wien.gv.at \u00a0 Unternehmensgegenstand:\u00b7 Dienstleistungen eines [&hellip;]<\/p>","protected":false},"author":1,"featured_media":0,"parent":0,"menu_order":0,"comment_status":"closed","ping_status":"closed","template":"","meta":{"footnotes":""},"class_list":["post-75598","page","type-page","status-publish","hentry"],"_links":{"self":[{"href":"https:\/\/www.verstopft24.at\/en\/wp-json\/wp\/v2\/pages\/75598","targetHints":{"allow":["GET"]}}],"collection":[{"href":"https:\/\/www.verstopft24.at\/en\/wp-json\/wp\/v2\/pages"}],"about":[{"href":"https:\/\/www.verstopft24.at\/en\/wp-json\/wp\/v2\/types\/page"}],"author":[{"embeddable":true,"href":"https:\/\/www.verstopft24.at\/en\/wp-json\/wp\/v2\/users\/1"}],"replies":[{"embeddable":true,"href":"https:\/\/www.verstopft24.at\/en\/wp-json\/wp\/v2\/comments?post=75598"}],"version-history":[{"count":4,"href":"https:\/\/www.verstopft24.at\/en\/wp-json\/wp\/v2\/pages\/75598\/revisions"}],"predecessor-version":[{"id":75602,"href":"https:\/\/www.verstopft24.at\/en\/wp-json\/wp\/v2\/pages\/75598\/revisions\/75602"}],"wp:attachment":[{"href":"https:\/\/www.verstopft24.at\/en\/wp-json\/wp\/v2\/media?parent=75598"}],"curies":[{"name":"wp","href":"https:\/\/api.w.org\/{rel}","templated":true}]}}